{"id":2,"date":"2014-11-19T14:20:07","date_gmt":"2014-11-19T14:20:07","guid":{"rendered":"http:\/\/localhost\/wordpress-4.0\/wordpress\/?page_id=2"},"modified":"2015-01-16T08:23:12","modified_gmt":"2015-01-16T08:23:12","slug":"sample-page","status":"publish","type":"page","link":"https:\/\/legonaut.de\/?page_id=2","title":{"rendered":"\u00dcber diese Seite"},"content":{"rendered":"<p>Es hei\u00dft ja &#8222;M\u00e4nner werden niemals erwachsen.&#8220;<\/p>\n<p>&#8222;Warum sollten sie, wenn es LEGO gibt?&#8220;&#8218;, k\u00f6nnte man fragen.<\/p>\n<p>Nach 20+ Jahren Abstinenz habe ich (Bj. 1979) die wunderbare Welt der Steine f\u00fcr mich wieder entdeckt und was hat sich seit meiner Kindheit nicht alles getan!<\/p>\n<p>Ein guter Grund ein Blog zum Thema in die Welt zu setzen. Und so findet man hier nun Fotos, Modelle, Shoppingtipps und vieles mehr. <\/p>\n<p>Euer<br \/>\nLegonaut<\/p>\n","protected":false},"excerpt":{"rendered":"<p>Es hei\u00dft ja &#8222;M\u00e4nner werden niemals erwachsen.&#8220; &#8222;Warum sollten sie, wenn es LEGO gibt?&#8220;&#8218;, k\u00f6nnte man fragen. Nach 20+ Jahren Abstinenz habe ich (Bj. 1979) die wunderbare Welt der Steine f\u00fcr mich wieder entdeckt und was hat sich seit meiner &hellip; <a href=\"https:\/\/legonaut.de\/?page_id=2\">Weiterlesen <span class=\"meta-nav\">&rarr;<\/span><\/a><\/p>\n","protected":false},"author":1,"featured_media":0,"parent":0,"menu_order":0,"comment_status":"open","ping_status":"open","template":"","meta":{"footnotes":""},"class_list":["post-2","page","type-page","status-publish","hentry"],"_links":{"self":[{"href":"https:\/\/legonaut.de\/index.php?rest_route=\/wp\/v2\/pages\/2","targetHints":{"allow":["GET"]}}],"collection":[{"href":"https:\/\/legonaut.de\/index.php?rest_route=\/wp\/v2\/pages"}],"about":[{"href":"https:\/\/legonaut.de\/index.php?rest_route=\/wp\/v2\/types\/page"}],"author":[{"embeddable":true,"href":"https:\/\/legonaut.de\/index.php?rest_route=\/wp\/v2\/users\/1"}],"replies":[{"embeddable":true,"href":"https:\/\/legonaut.de\/index.php?rest_route=%2Fwp%2Fv2%2Fcomments&post=2"}],"version-history":[{"count":3,"href":"https:\/\/legonaut.de\/index.php?rest_route=\/wp\/v2\/pages\/2\/revisions"}],"predecessor-version":[{"id":135,"href":"https:\/\/legonaut.de\/index.php?rest_route=\/wp\/v2\/pages\/2\/revisions\/135"}],"wp:attachment":[{"href":"https:\/\/legonaut.de\/index.php?rest_route=%2Fwp%2Fv2%2Fmedia&parent=2"}],"curies":[{"name":"wp","href":"https:\/\/api.w.org\/{rel}","templated":true}]}}